{"id":1795,"date":"2020-06-04T07:58:47","date_gmt":"2020-06-04T07:58:47","guid":{"rendered":"https:\/\/www.ivanteam.com\/?post_type=product&#038;p=1795"},"modified":"2023-11-20T09:34:41","modified_gmt":"2023-11-20T07:34:41","slug":"lezione-sup-voucher","status":"publish","type":"product","link":"https:\/\/www.ivanteam.com\/en\/prodotto\/lezione-sup-voucher\/","title":{"rendered":"Lezione\/i SUP Voucher"},"content":{"rendered":"<ul>\n<li>Una volta completato l&#8217;ordine, <strong>il voucher regalo arriver\u00e0 direttamente all&#8217;indirizzo mail inserito in fase di registrazione, <\/strong>in formato pdf. Se hai pagato con Carta di Credito o PayPal la mail con il voucher ti arriva in pochi minuti, pagando con bonifico possono essere necessari alcuni giorni. In ogni caso controlla sempre anche la posta indesiderata\/spam.<\/li>\n<li>Questo voucher ha <strong>validit\u00e0<\/strong> 1 anno. In casi eccezionali tale durata potr\u00e0 essere prorogata con richiesta scritta a info@ivanteam.com.<\/li>\n<li>Il voucher non ha una data di utilizzo fissata. La <strong>prenotazione<\/strong> dell&#8217;attivit\u00e0 \u00e8 necessaria, concordando cos\u00ec giorno e ora, e pu\u00f2 essere fatta allo <strong>0424 558250<\/strong> o via mail a <strong>info@ivanteam.com<\/strong>.<\/li>\n<li>Il voucher, in fase di prenotazione, pu\u00f2 essere sostituito con una qualsiasi altra attivit\u00e0 di pari valore o di valore superiore pagando in loco la differenza. Se si desidera cambiare l&#8217;attivit\u00e0 con una di valore inferiore la differenza non sar\u00e0 rimborsata.<\/li>\n<li><strong> Il voucher acquistato non \u00e8 rimborsabile.\u00a0<\/strong><\/li>\n<\/ul>\n","protected":false},"excerpt":{"rendered":"<p><a href=\"https:\/\/www.ivanteam.com\/attivita-fluviali\/altre-attivita-fluviali\/sup-stand-up-paddle\/\"><strong>DESCRIZIONE E CARATTERISTICHE DELL&#8217;ATTIVITA&#8217; DI SUP<\/strong><\/a><\/p>\n","protected":false},"featured_media":699,"comment_status":"open","ping_status":"closed","template":"","meta":[],"product_cat":[23],"product_tag":[],"acf":[],"_links":{"self":[{"href":"https:\/\/www.ivanteam.com\/en\/wp-json\/wp\/v2\/product\/1795"}],"collection":[{"href":"https:\/\/www.ivanteam.com\/en\/wp-json\/wp\/v2\/product"}],"about":[{"href":"https:\/\/www.ivanteam.com\/en\/wp-json\/wp\/v2\/types\/product"}],"replies":[{"embeddable":true,"href":"https:\/\/www.ivanteam.com\/en\/wp-json\/wp\/v2\/comments?post=1795"}],"wp:featuredmedia":[{"embeddable":true,"href":"https:\/\/www.ivanteam.com\/en\/wp-json\/wp\/v2\/media\/699"}],"wp:attachment":[{"href":"https:\/\/www.ivanteam.com\/en\/wp-json\/wp\/v2\/media?parent=1795"}],"wp:term":[{"taxonomy":"product_cat","embeddable":true,"href":"https:\/\/www.ivanteam.com\/en\/wp-json\/wp\/v2\/product_cat?post=1795"},{"taxonomy":"product_tag","embeddable":true,"href":"https:\/\/www.ivanteam.com\/en\/wp-json\/wp\/v2\/product_tag?post=1795"}],"curies":[{"name":"wp","href":"https:\/\/api.w.org\/{rel}","templated":true}]}}